{"id":25,"date":"2023-12-01T08:07:35","date_gmt":"2023-12-01T08:07:35","guid":{"rendered":"https:\/\/demosites.royal-elementor-addons.com\/school-v1\/?page_id=25"},"modified":"2026-01-20T08:51:53","modified_gmt":"2026-01-20T08:51:53","slug":"contacto","status":"publish","type":"page","link":"https:\/\/forestinthecityriadepontevedra.com\/?page_id=25","title":{"rendered":"Contacto"},"content":{"rendered":"\t\t<div data-elementor-type=\"wp-page\" data-elementor-id=\"25\" class=\"elementor elementor-25\">\n\t\t\t\t<div class=\"elementor-element elementor-element-1a6bf47 e-flex e-con-boxed wpr-particle-no wpr-jarallax-no wpr-parallax-no wpr-sticky-section-no wpr-equal-height-no e-con e-parent\" data-id=\"1a6bf47\" data-element_type=\"container\" data-e-type=\"container\" data-settings=\"{&quot;background_background&quot;:&quot;classic&quot;}\">\n\t\t\t\t\t<div class=\"e-con-inner\">\n\t\t\t\t<div class=\"elementor-element elementor-element-2787ec7 elementor-widget elementor-widget-heading\" data-id=\"2787ec7\" data-element_type=\"widget\" data-e-type=\"widget\" data-widget_type=\"heading.default\">\n\t\t\t\t\t<h2 class=\"elementor-heading-title elementor-size-default\">Contacto<\/h2>\t\t\t\t<\/div>\n\t\t\t\t\t<\/div>\n\t\t\t\t<\/div>\n\t\t<div class=\"elementor-element elementor-element-6cd2fc6 e-flex e-con-boxed wpr-particle-no wpr-jarallax-no wpr-parallax-no wpr-sticky-section-no wpr-equal-height-no e-con e-parent\" data-id=\"6cd2fc6\" data-element_type=\"container\" data-e-type=\"container\">\n\t\t\t\t\t<div class=\"e-con-inner\">\n\t\t<div class=\"elementor-element elementor-element-300d086 elementor-hidden-tablet e-flex e-con-boxed wpr-particle-no wpr-jarallax-no wpr-parallax-no wpr-sticky-section-no wpr-equal-height-no e-con e-child\" data-id=\"300d086\" data-element_type=\"container\" data-e-type=\"container\">\n\t\t\t\t\t<div class=\"e-con-inner\">\n\t\t\t\t<div class=\"elementor-element elementor-element-49a31b3 elementor-widget elementor-widget-image\" data-id=\"49a31b3\" data-element_type=\"widget\" data-e-type=\"widget\" data-widget_type=\"image.default\">\n\t\t\t\t\t\t\t\t\t\t\t\t\t\t\t<img fetchpriority=\"high\" decoding=\"async\" width=\"694\" height=\"1024\" src=\"https:\/\/forestinthecityriadepontevedra.com\/wp-content\/uploads\/2026\/01\/cartel-694x1024.png\" class=\"attachment-large size-large wp-image-2265\" alt=\"\" srcset=\"https:\/\/forestinthecityriadepontevedra.com\/wp-content\/uploads\/2026\/01\/cartel-694x1024.png 694w, https:\/\/forestinthecityriadepontevedra.com\/wp-content\/uploads\/2026\/01\/cartel-203x300.png 203w, https:\/\/forestinthecityriadepontevedra.com\/wp-content\/uploads\/2026\/01\/cartel-768x1132.png 768w, https:\/\/forestinthecityriadepontevedra.com\/wp-content\/uploads\/2026\/01\/cartel-1042x1536.png 1042w, https:\/\/forestinthecityriadepontevedra.com\/wp-content\/uploads\/2026\/01\/cartel-1389x2048.png 1389w, https:\/\/forestinthecityriadepontevedra.com\/wp-content\/uploads\/2026\/01\/cartel-scaled.png 1736w\" sizes=\"(max-width: 694px) 100vw, 694px\" \/>\t\t\t\t\t\t\t\t\t\t\t\t\t\t\t<\/div>\n\t\t\t\t\t<\/div>\n\t\t\t\t<\/div>\n\t\t<div class=\"elementor-element elementor-element-9a3a34e e-flex e-con-boxed wpr-particle-no wpr-jarallax-no wpr-parallax-no wpr-sticky-section-no wpr-equal-height-no e-con e-child\" data-id=\"9a3a34e\" data-element_type=\"container\" data-e-type=\"container\">\n\t\t\t\t\t<div class=\"e-con-inner\">\n\t\t\t\t<div class=\"elementor-element elementor-element-7dc237e elementor-widget elementor-widget-heading\" data-id=\"7dc237e\" data-element_type=\"widget\" data-e-type=\"widget\" data-widget_type=\"heading.default\">\n\t\t\t\t\t<h2 class=\"elementor-heading-title elementor-size-default\">\u00bfHablamos?<\/h2>\t\t\t\t<\/div>\n\t\t\t\t<div class=\"elementor-element elementor-element-e27df21 elementor-widget elementor-widget-heading\" data-id=\"e27df21\" data-element_type=\"widget\" data-e-type=\"widget\" data-widget_type=\"heading.default\">\n\t\t\t\t\t<h2 class=\"elementor-heading-title elementor-size-default\">Estamos aqu\u00ed para ayudarte<\/h2>\t\t\t\t<\/div>\n\t\t\t\t<div class=\"elementor-element elementor-element-d1fdfa9 elementor-widget elementor-widget-text-editor\" data-id=\"d1fdfa9\" data-element_type=\"widget\" data-e-type=\"widget\" data-widget_type=\"text-editor.default\">\n\t\t\t\t\t\t\t\t\t<p data-start=\"186\" data-end=\"383\">Si eres docente, formas parte de un centro educativo o quieres m\u00e1s informaci\u00f3n sobre <strong data-start=\"271\" data-end=\"293\">Forest in the City<\/strong>, estaremos encantados de resolver tus dudas y acompa\u00f1arte en el proceso de participaci\u00f3n.<\/p><p data-start=\"385\" data-end=\"645\"><strong>Escr\u00edbenos<\/strong> para conocer c\u00f3mo participar, recibir orientaci\u00f3n sobre las modalidades, la ruta interpretativa o cualquier aspecto del proyecto.<\/p>\t\t\t\t\t\t\t\t<\/div>\n\t\t\t\t<div class=\"elementor-element elementor-element-2700ffd elementor-widget elementor-widget-heading\" data-id=\"2700ffd\" data-element_type=\"widget\" data-e-type=\"widget\" data-widget_type=\"heading.default\">\n\t\t\t\t\t<h2 class=\"elementor-heading-title elementor-size-default\">Datos de Contacto<\/h2>\t\t\t\t<\/div>\n\t\t\t\t<div class=\"elementor-element elementor-element-cb88679 elementor-icon-list--layout-traditional elementor-list-item-link-full_width elementor-widget elementor-widget-icon-list\" data-id=\"cb88679\" data-element_type=\"widget\" data-e-type=\"widget\" data-widget_type=\"icon-list.default\">\n\t\t\t\t\t\t\t<ul class=\"elementor-icon-list-items\">\n\t\t\t\t\t\t\t<li class=\"elementor-icon-list-item\">\n\t\t\t\t\t\t\t\t\t\t\t<span class=\"elementor-icon-list-icon\">\n\t\t\t\t\t\t\t<svg aria-hidden=\"true\" class=\"e-font-icon-svg e-fas-envelope\" viewBox=\"0 0 512 512\" xmlns=\"http:\/\/www.w3.org\/2000\/svg\"><path d=\"M502.3 190.8c3.9-3.1 9.7-.2 9.7 4.7V400c0 26.5-21.5 48-48 48H48c-26.5 0-48-21.5-48-48V195.6c0-5 5.7-7.8 9.7-4.7 22.4 17.4 52.1 39.5 154.1 113.6 21.1 15.4 56.7 47.8 92.2 47.6 35.7.3 72-32.8 92.3-47.6 102-74.1 131.6-96.3 154-113.7zM256 320c23.2.4 56.6-29.2 73.4-41.4 132.7-96.3 142.8-104.7 173.4-128.7 5.8-4.5 9.2-11.5 9.2-18.9v-19c0-26.5-21.5-48-48-48H48C21.5 64 0 85.5 0 112v19c0 7.4 3.4 14.3 9.2 18.9 30.6 23.9 40.7 32.4 173.4 128.7 16.8 12.2 50.2 41.8 73.4 41.4z\"><\/path><\/svg>\t\t\t\t\t\t<\/span>\n\t\t\t\t\t\t\t\t\t\t<span class=\"elementor-icon-list-text\">forestinthecity@forestinthecityriadepontevedra.com<\/span>\n\t\t\t\t\t\t\t\t\t<\/li>\n\t\t\t\t\t\t\t\t<li class=\"elementor-icon-list-item\">\n\t\t\t\t\t\t\t\t\t\t\t<span class=\"elementor-icon-list-icon\">\n\t\t\t\t\t\t\t<svg aria-hidden=\"true\" class=\"e-font-icon-svg e-fas-map-marker-alt\" viewBox=\"0 0 384 512\" xmlns=\"http:\/\/www.w3.org\/2000\/svg\"><path d=\"M172.268 501.67C26.97 291.031 0 269.413 0 192 0 85.961 85.961 0 192 0s192 85.961 192 192c0 77.413-26.97 99.031-172.268 309.67-9.535 13.774-29.93 13.773-39.464 0zM192 272c44.183 0 80-35.817 80-80s-35.817-80-80-80-80 35.817-80 80 35.817 80 80 80z\"><\/path><\/svg>\t\t\t\t\t\t<\/span>\n\t\t\t\t\t\t\t\t\t\t<span class=\"elementor-icon-list-text\">Pontevedra<\/span>\n\t\t\t\t\t\t\t\t\t<\/li>\n\t\t\t\t\t\t<\/ul>\n\t\t\t\t\t\t<\/div>\n\t\t\t\t<div class=\"elementor-element elementor-element-8d91146 elementor-widget elementor-widget-wpr-google-maps\" data-id=\"8d91146\" data-element_type=\"widget\" data-e-type=\"widget\" data-settings=\"{&quot;gm_height&quot;:{&quot;unit&quot;:&quot;px&quot;,&quot;size&quot;:222,&quot;sizes&quot;:[]},&quot;gm_height_laptop&quot;:{&quot;unit&quot;:&quot;px&quot;,&quot;size&quot;:&quot;&quot;,&quot;sizes&quot;:[]},&quot;gm_height_tablet&quot;:{&quot;unit&quot;:&quot;px&quot;,&quot;size&quot;:&quot;&quot;,&quot;sizes&quot;:[]},&quot;gm_height_mobile&quot;:{&quot;unit&quot;:&quot;px&quot;,&quot;size&quot;:&quot;&quot;,&quot;sizes&quot;:[]},&quot;gm_zoom_depth&quot;:{&quot;unit&quot;:&quot;px&quot;,&quot;size&quot;:10,&quot;sizes&quot;:[]}}\" data-widget_type=\"wpr-google-maps.default\">\n\t\t\t\t\t<div class=\"wpr-google-map\"  data-settings=\"{&quot;type&quot;:&quot;roadmap&quot;,&quot;style&quot;:&quot;mostly-white&quot;,&quot;zoom_depth&quot;:10,&quot;zoom_on_scroll&quot;:&quot;yes&quot;,&quot;cluster_markers&quot;:&quot;yes&quot;,&quot;clusters_url&quot;:&quot;https:\\\/\\\/forestinthecityriadepontevedra.com\\\/wp-content\\\/plugins\\\/royal-elementor-addons\\\/assets\\\/js\\\/lib\\\/gmap\\\/clusters\\\/m&quot;,&quot;custom_style&quot;:&quot;&quot;}\" data-locations=\"[{&quot;gm_location_title&quot;:&quot;Central Park, New York, USA&quot;,&quot;gm_latitude&quot;:&quot;42.429886&quot;,&quot;gm_longtitude&quot;:&quot;-8.644620&quot;,&quot;_id&quot;:&quot;87558ab&quot;,&quot;gm_show_info_window&quot;:&quot;none&quot;,&quot;gm_location_description&quot;:&quot;&quot;,&quot;gm_info_window_width&quot;:{&quot;unit&quot;:&quot;px&quot;,&quot;size&quot;:300,&quot;sizes&quot;:[]},&quot;gm_marker_animation&quot;:&quot;none&quot;,&quot;gm_custom_marker&quot;:&quot;&quot;,&quot;gm_marker_icon&quot;:{&quot;url&quot;:&quot;&quot;,&quot;id&quot;:&quot;&quot;,&quot;size&quot;:&quot;&quot;},&quot;gm_marker_icon_size_width&quot;:{&quot;unit&quot;:&quot;px&quot;,&quot;size&quot;:35,&quot;sizes&quot;:[]},&quot;gm_marker_icon_size_height&quot;:{&quot;unit&quot;:&quot;px&quot;,&quot;size&quot;:35,&quot;sizes&quot;:[]}}]\" data-controls=\"{&quot;type&quot;:&quot;&quot;,&quot;fullscreen&quot;:&quot;&quot;,&quot;zoom&quot;:&quot;&quot;,&quot;streetview&quot;:&quot;&quot;}\"><\/div>\t\t\t\t<\/div>\n\t\t\t\t\t<\/div>\n\t\t\t\t<\/div>\n\t\t\t\t\t<\/div>\n\t\t\t\t<\/div>\n\t\t\t\t<\/div>\n\t\t","protected":false},"excerpt":{"rendered":"<p>Contacto \u00bfHablamos? Estamos aqu\u00ed para ayudarte Si eres docente, formas parte de un centro educativo o quieres m\u00e1s informaci\u00f3n sobre Forest in the City, estaremos encantados de resolver tus dudas y acompa\u00f1arte en el proceso de participaci\u00f3n. Escr\u00edbenos para conocer c\u00f3mo participar, recibir orientaci\u00f3n sobre las modalidades, la ruta interpretativa o cualquier aspecto del proyecto. Datos de Contacto forestinthecity@forestinthecityriadepontevedra.com Pontevedra Please go to plugin Settings and Insert Google Map API Key in order to make Google Maps work<\/p>\n","protected":false},"author":1,"featured_media":2265,"parent":0,"menu_order":0,"comment_status":"closed","ping_status":"closed","template":"elementor_canvas","meta":{"footnotes":""},"class_list":["post-25","page","type-page","status-publish","has-post-thumbnail","hentry"],"yoast_head":"<!-- This site is optimized with the Yoast SEO plugin v27.4 - https:\/\/yoast.com\/product\/yoast-seo-wordpress\/ -->\n<title>Contacto - Forest in the City Ria de Pontevedra<\/title>\n<meta name=\"description\" content=\"\u00bfEres docente o centro educativo? Contacta y descubre c\u00f3mo participar en la feria escolar de ciencia y sostenibilidad en Pontevedra.\" \/>\n<meta name=\"robots\" content=\"index, follow, max-snippet:-1, max-image-preview:large, max-video-preview:-1\" \/>\n<link rel=\"canonical\" href=\"https:\/\/forestinthecityriadepontevedra.com\/?page_id=25\" \/>\n<meta property=\"og:locale\" content=\"es_ES\" \/>\n<meta property=\"og:type\" content=\"article\" \/>\n<meta property=\"og:title\" content=\"Contacto - Forest in the City Ria de Pontevedra\" \/>\n<meta property=\"og:description\" content=\"\u00bfEres docente o centro educativo? Contacta y descubre c\u00f3mo participar en la feria escolar de ciencia y sostenibilidad en Pontevedra.\" \/>\n<meta property=\"og:url\" content=\"https:\/\/forestinthecityriadepontevedra.com\/?page_id=25\" \/>\n<meta property=\"og:site_name\" content=\"Forest in the City Ria de Pontevedra\" \/>\n<meta property=\"article:publisher\" content=\"https:\/\/www.facebook.com\/profile.php?id=61585523655734\" \/>\n<meta property=\"article:modified_time\" content=\"2026-01-20T08:51:53+00:00\" \/>\n<meta property=\"og:image\" content=\"https:\/\/forestinthecityriadepontevedra.com\/wp-content\/uploads\/2026\/01\/cartel-scaled.png\" \/>\n\t<meta property=\"og:image:width\" content=\"1736\" \/>\n\t<meta property=\"og:image:height\" content=\"2560\" \/>\n\t<meta property=\"og:image:type\" content=\"image\/png\" \/>\n<meta name=\"twitter:card\" content=\"summary_large_image\" \/>\n<meta name=\"twitter:label1\" content=\"Tiempo de lectura\" \/>\n\t<meta name=\"twitter:data1\" content=\"1 minuto\" \/>\n<script type=\"application\/ld+json\" class=\"yoast-schema-graph\">{\"@context\":\"https:\\\/\\\/schema.org\",\"@graph\":[{\"@type\":\"WebPage\",\"@id\":\"https:\\\/\\\/forestinthecityriadepontevedra.com\\\/?page_id=25\",\"url\":\"https:\\\/\\\/forestinthecityriadepontevedra.com\\\/?page_id=25\",\"name\":\"Contacto - Forest in the City Ria de Pontevedra\",\"isPartOf\":{\"@id\":\"https:\\\/\\\/forestinthecityriadepontevedra.com\\\/#website\"},\"primaryImageOfPage\":{\"@id\":\"https:\\\/\\\/forestinthecityriadepontevedra.com\\\/?page_id=25#primaryimage\"},\"image\":{\"@id\":\"https:\\\/\\\/forestinthecityriadepontevedra.com\\\/?page_id=25#primaryimage\"},\"thumbnailUrl\":\"https:\\\/\\\/forestinthecityriadepontevedra.com\\\/wp-content\\\/uploads\\\/2026\\\/01\\\/cartel-scaled.png\",\"datePublished\":\"2023-12-01T08:07:35+00:00\",\"dateModified\":\"2026-01-20T08:51:53+00:00\",\"description\":\"\u00bfEres docente o centro educativo? Contacta y descubre c\u00f3mo participar en la feria escolar de ciencia y sostenibilidad en Pontevedra.\",\"breadcrumb\":{\"@id\":\"https:\\\/\\\/forestinthecityriadepontevedra.com\\\/?page_id=25#breadcrumb\"},\"inLanguage\":\"es\",\"potentialAction\":[{\"@type\":\"ReadAction\",\"target\":[\"https:\\\/\\\/forestinthecityriadepontevedra.com\\\/?page_id=25\"]}]},{\"@type\":\"ImageObject\",\"inLanguage\":\"es\",\"@id\":\"https:\\\/\\\/forestinthecityriadepontevedra.com\\\/?page_id=25#primaryimage\",\"url\":\"https:\\\/\\\/forestinthecityriadepontevedra.com\\\/wp-content\\\/uploads\\\/2026\\\/01\\\/cartel-scaled.png\",\"contentUrl\":\"https:\\\/\\\/forestinthecityriadepontevedra.com\\\/wp-content\\\/uploads\\\/2026\\\/01\\\/cartel-scaled.png\",\"width\":1736,\"height\":2560},{\"@type\":\"BreadcrumbList\",\"@id\":\"https:\\\/\\\/forestinthecityriadepontevedra.com\\\/?page_id=25#breadcrumb\",\"itemListElement\":[{\"@type\":\"ListItem\",\"position\":1,\"name\":\"Portada\",\"item\":\"https:\\\/\\\/forestinthecityriadepontevedra.com\\\/\"},{\"@type\":\"ListItem\",\"position\":2,\"name\":\"Contacto\"}]},{\"@type\":\"WebSite\",\"@id\":\"https:\\\/\\\/forestinthecityriadepontevedra.com\\\/#website\",\"url\":\"https:\\\/\\\/forestinthecityriadepontevedra.com\\\/\",\"name\":\"Forest in the City Ria de Pontevedra\",\"description\":\"Feria Escolar de Ciencia, Sostenibilidad e Innovaci\u00f3n Juvenil\",\"publisher\":{\"@id\":\"https:\\\/\\\/forestinthecityriadepontevedra.com\\\/#organization\"},\"potentialAction\":[{\"@type\":\"SearchAction\",\"target\":{\"@type\":\"EntryPoint\",\"urlTemplate\":\"https:\\\/\\\/forestinthecityriadepontevedra.com\\\/?s={search_term_string}\"},\"query-input\":{\"@type\":\"PropertyValueSpecification\",\"valueRequired\":true,\"valueName\":\"search_term_string\"}}],\"inLanguage\":\"es\"},{\"@type\":\"Organization\",\"@id\":\"https:\\\/\\\/forestinthecityriadepontevedra.com\\\/#organization\",\"name\":\"Forest in the City Ria de Pontevedra\",\"url\":\"https:\\\/\\\/forestinthecityriadepontevedra.com\\\/\",\"logo\":{\"@type\":\"ImageObject\",\"inLanguage\":\"es\",\"@id\":\"https:\\\/\\\/forestinthecityriadepontevedra.com\\\/#\\\/schema\\\/logo\\\/image\\\/\",\"url\":\"https:\\\/\\\/forestinthecityriadepontevedra.com\\\/wp-content\\\/uploads\\\/2024\\\/01\\\/logo-cabecera.png\",\"contentUrl\":\"https:\\\/\\\/forestinthecityriadepontevedra.com\\\/wp-content\\\/uploads\\\/2024\\\/01\\\/logo-cabecera.png\",\"width\":1610,\"height\":1224,\"caption\":\"Forest in the City Ria de Pontevedra\"},\"image\":{\"@id\":\"https:\\\/\\\/forestinthecityriadepontevedra.com\\\/#\\\/schema\\\/logo\\\/image\\\/\"},\"sameAs\":[\"https:\\\/\\\/www.facebook.com\\\/profile.php?id=61585523655734\",\"https:\\\/\\\/www.instagram.com\\\/forestinthecityriadepontevedra\\\/\"]}]}<\/script>\n<!-- \/ Yoast SEO plugin. -->","yoast_head_json":{"title":"Contacto - Forest in the City Ria de Pontevedra","description":"\u00bfEres docente o centro educativo? Contacta y descubre c\u00f3mo participar en la feria escolar de ciencia y sostenibilidad en Pontevedra.","robots":{"index":"index","follow":"follow","max-snippet":"max-snippet:-1","max-image-preview":"max-image-preview:large","max-video-preview":"max-video-preview:-1"},"canonical":"https:\/\/forestinthecityriadepontevedra.com\/?page_id=25","og_locale":"es_ES","og_type":"article","og_title":"Contacto - Forest in the City Ria de Pontevedra","og_description":"\u00bfEres docente o centro educativo? Contacta y descubre c\u00f3mo participar en la feria escolar de ciencia y sostenibilidad en Pontevedra.","og_url":"https:\/\/forestinthecityriadepontevedra.com\/?page_id=25","og_site_name":"Forest in the City Ria de Pontevedra","article_publisher":"https:\/\/www.facebook.com\/profile.php?id=61585523655734","article_modified_time":"2026-01-20T08:51:53+00:00","og_image":[{"width":1736,"height":2560,"url":"https:\/\/forestinthecityriadepontevedra.com\/wp-content\/uploads\/2026\/01\/cartel-scaled.png","type":"image\/png"}],"twitter_card":"summary_large_image","twitter_misc":{"Tiempo de lectura":"1 minuto"},"schema":{"@context":"https:\/\/schema.org","@graph":[{"@type":"WebPage","@id":"https:\/\/forestinthecityriadepontevedra.com\/?page_id=25","url":"https:\/\/forestinthecityriadepontevedra.com\/?page_id=25","name":"Contacto - Forest in the City Ria de Pontevedra","isPartOf":{"@id":"https:\/\/forestinthecityriadepontevedra.com\/#website"},"primaryImageOfPage":{"@id":"https:\/\/forestinthecityriadepontevedra.com\/?page_id=25#primaryimage"},"image":{"@id":"https:\/\/forestinthecityriadepontevedra.com\/?page_id=25#primaryimage"},"thumbnailUrl":"https:\/\/forestinthecityriadepontevedra.com\/wp-content\/uploads\/2026\/01\/cartel-scaled.png","datePublished":"2023-12-01T08:07:35+00:00","dateModified":"2026-01-20T08:51:53+00:00","description":"\u00bfEres docente o centro educativo? Contacta y descubre c\u00f3mo participar en la feria escolar de ciencia y sostenibilidad en Pontevedra.","breadcrumb":{"@id":"https:\/\/forestinthecityriadepontevedra.com\/?page_id=25#breadcrumb"},"inLanguage":"es","potentialAction":[{"@type":"ReadAction","target":["https:\/\/forestinthecityriadepontevedra.com\/?page_id=25"]}]},{"@type":"ImageObject","inLanguage":"es","@id":"https:\/\/forestinthecityriadepontevedra.com\/?page_id=25#primaryimage","url":"https:\/\/forestinthecityriadepontevedra.com\/wp-content\/uploads\/2026\/01\/cartel-scaled.png","contentUrl":"https:\/\/forestinthecityriadepontevedra.com\/wp-content\/uploads\/2026\/01\/cartel-scaled.png","width":1736,"height":2560},{"@type":"BreadcrumbList","@id":"https:\/\/forestinthecityriadepontevedra.com\/?page_id=25#breadcrumb","itemListElement":[{"@type":"ListItem","position":1,"name":"Portada","item":"https:\/\/forestinthecityriadepontevedra.com\/"},{"@type":"ListItem","position":2,"name":"Contacto"}]},{"@type":"WebSite","@id":"https:\/\/forestinthecityriadepontevedra.com\/#website","url":"https:\/\/forestinthecityriadepontevedra.com\/","name":"Forest in the City Ria de Pontevedra","description":"Feria Escolar de Ciencia, Sostenibilidad e Innovaci\u00f3n Juvenil","publisher":{"@id":"https:\/\/forestinthecityriadepontevedra.com\/#organization"},"potentialAction":[{"@type":"SearchAction","target":{"@type":"EntryPoint","urlTemplate":"https:\/\/forestinthecityriadepontevedra.com\/?s={search_term_string}"},"query-input":{"@type":"PropertyValueSpecification","valueRequired":true,"valueName":"search_term_string"}}],"inLanguage":"es"},{"@type":"Organization","@id":"https:\/\/forestinthecityriadepontevedra.com\/#organization","name":"Forest in the City Ria de Pontevedra","url":"https:\/\/forestinthecityriadepontevedra.com\/","logo":{"@type":"ImageObject","inLanguage":"es","@id":"https:\/\/forestinthecityriadepontevedra.com\/#\/schema\/logo\/image\/","url":"https:\/\/forestinthecityriadepontevedra.com\/wp-content\/uploads\/2024\/01\/logo-cabecera.png","contentUrl":"https:\/\/forestinthecityriadepontevedra.com\/wp-content\/uploads\/2024\/01\/logo-cabecera.png","width":1610,"height":1224,"caption":"Forest in the City Ria de Pontevedra"},"image":{"@id":"https:\/\/forestinthecityriadepontevedra.com\/#\/schema\/logo\/image\/"},"sameAs":["https:\/\/www.facebook.com\/profile.php?id=61585523655734","https:\/\/www.instagram.com\/forestinthecityriadepontevedra\/"]}]}},"_links":{"self":[{"href":"https:\/\/forestinthecityriadepontevedra.com\/index.php?rest_route=\/wp\/v2\/pages\/25","targetHints":{"allow":["GET"]}}],"collection":[{"href":"https:\/\/forestinthecityriadepontevedra.com\/index.php?rest_route=\/wp\/v2\/pages"}],"about":[{"href":"https:\/\/forestinthecityriadepontevedra.com\/index.php?rest_route=\/wp\/v2\/types\/page"}],"author":[{"embeddable":true,"href":"https:\/\/forestinthecityriadepontevedra.com\/index.php?rest_route=\/wp\/v2\/users\/1"}],"replies":[{"embeddable":true,"href":"https:\/\/forestinthecityriadepontevedra.com\/index.php?rest_route=%2Fwp%2Fv2%2Fcomments&post=25"}],"version-history":[{"count":11,"href":"https:\/\/forestinthecityriadepontevedra.com\/index.php?rest_route=\/wp\/v2\/pages\/25\/revisions"}],"predecessor-version":[{"id":2337,"href":"https:\/\/forestinthecityriadepontevedra.com\/index.php?rest_route=\/wp\/v2\/pages\/25\/revisions\/2337"}],"wp:featuredmedia":[{"embeddable":true,"href":"https:\/\/forestinthecityriadepontevedra.com\/index.php?rest_route=\/wp\/v2\/media\/2265"}],"wp:attachment":[{"href":"https:\/\/forestinthecityriadepontevedra.com\/index.php?rest_route=%2Fwp%2Fv2%2Fmedia&parent=25"}],"curies":[{"name":"wp","href":"https:\/\/api.w.org\/{rel}","templated":true}]}}